{"id":137,"date":"2024-08-23T15:35:09","date_gmt":"2024-08-23T13:35:09","guid":{"rendered":"https:\/\/www.elosteopata.es\/?page_id=137"},"modified":"2025-04-12T00:58:25","modified_gmt":"2025-04-11T22:58:25","slug":"politicas-de-envios-y-devoluciones","status":"publish","type":"page","link":"https:\/\/amuntiavall.net\/ca\/politicas-de-envios-y-devoluciones\/","title":{"rendered":"Pol\u00edtiques d'enviaments i devolucions"},"content":{"rendered":"<p><strong>POL\u00cdTIQUES D'ENVIAMENT\u00a0<\/strong><\/p>\n\n\n\n<p>En realitzar la compra, i despr\u00e9s de rebre el justificant de pagament, rebr\u00e0 la confirmaci\u00f3 i factura via correu electr\u00f2nic.&nbsp;<\/p>\n\n\n\n<p>Els despla\u00e7aments no estan inclosos en el preu dels diferents serveis, per la qual cosa hauran d'abonar-se el dia que es presta aquest servei.<\/p>\n\n\n\n<p><strong>POL\u00cdTIQUES DE DEVOLUCIONS\u00a0<\/strong><\/p>\n\n\n\n<p><strong><br><\/strong>Una vegada prestat el servei no es reemborsar\u00e0 cap quantitat, ni total ni parcial.\u00a0<\/p>\n\n\n\n<p>Qualsevol servei anul\u00b7lat amb menys de 72 hores d'antelaci\u00f3, no es reemborsar\u00e0 cap quantitat, excepte causa major que haur\u00e0 de ser clarament justificada.&nbsp;<\/p>\n\n\n\n<p>Les anul\u00b7lacions realitzades amb m\u00e9s de 72 hores d'antelaci\u00f3, podran optar a una reubicaci\u00f3 de dates o a la recuperaci\u00f3 de l'import.&nbsp;<\/p>\n\n\n\n<p>Els packs de sessions o passejos caduquen als 2 mesos a partir de la primera que es realitza, perdent les que no s'hagin consumit, excepte causa major justificada i acordada.<\/p>\n\n\n\n<p><\/p>","protected":false},"excerpt":{"rendered":"<p>POL\u00cdTICAS DE ENV\u00cdO\u00a0 Al realizar la compra, y tras recibir el justificante de pago, recibir\u00e1 la confirmaci\u00f3n y factura v\u00eda correo electr\u00f3nico.&nbsp; Los desplazamientos no est\u00e1n incluidos en el precio de los diferentes servicios, por lo que deber\u00e1n abonarse el d\u00eda que se presta dicho servicio. POL\u00cdTICAS DE DEVOLUCIONES\u00a0 Una vez prestado el servicio no [&hellip;]<\/p>","protected":false},"author":1,"featured_media":0,"parent":0,"menu_order":0,"comment_status":"closed","ping_status":"closed","template":"","meta":{"footnotes":""},"class_list":["post-137","page","type-page","status-publish","hentry"],"_links":{"self":[{"href":"https:\/\/amuntiavall.net\/ca\/wp-json\/wp\/v2\/pages\/137","targetHints":{"allow":["GET"]}}],"collection":[{"href":"https:\/\/amuntiavall.net\/ca\/wp-json\/wp\/v2\/pages"}],"about":[{"href":"https:\/\/amuntiavall.net\/ca\/wp-json\/wp\/v2\/types\/page"}],"author":[{"embeddable":true,"href":"https:\/\/amuntiavall.net\/ca\/wp-json\/wp\/v2\/users\/1"}],"replies":[{"embeddable":true,"href":"https:\/\/amuntiavall.net\/ca\/wp-json\/wp\/v2\/comments?post=137"}],"version-history":[{"count":9,"href":"https:\/\/amuntiavall.net\/ca\/wp-json\/wp\/v2\/pages\/137\/revisions"}],"predecessor-version":[{"id":1067,"href":"https:\/\/amuntiavall.net\/ca\/wp-json\/wp\/v2\/pages\/137\/revisions\/1067"}],"wp:attachment":[{"href":"https:\/\/amuntiavall.net\/ca\/wp-json\/wp\/v2\/media?parent=137"}],"curies":[{"name":"wp","href":"https:\/\/api.w.org\/{rel}","templated":true}]}}