{"id":947,"date":"2025-04-11T21:49:48","date_gmt":"2025-04-11T19:49:48","guid":{"rendered":"https:\/\/amuntiavall.net\/?post_type=product&#038;p=947"},"modified":"2025-04-21T21:35:46","modified_gmt":"2025-04-21T19:35:46","slug":"valoracion-para-grupos","status":"publish","type":"product","link":"https:\/\/amuntiavall.net\/ca\/producte\/valoracion-para-grupos\/","title":{"rendered":"Valoraci\u00f3n para grupos"},"content":{"rendered":"<p>Primer passeig individual per a valorar el perfil del gos i encaixar-lo en un grup concorde a les seves necessitats i interessos. Nom\u00e9s \u00e9s v\u00e0lid per a gossos que no presentin grans dificultats de socialitzaci\u00f3 i amb l'entorn. En cas d'haver-hi alguna dificultat important, caldr\u00e0 fer sessi\u00f3 de valoraci\u00f3 i desenvolupar com millorar abans de poder entrar en grups de socialitzaci\u00f3.<\/p>","protected":false},"excerpt":{"rendered":"<p>Primer passeig individual per a valorar el perfil del gos i encaixar-lo en un grup concorde a les seves necessitats i interessos. Nom\u00e9s \u00e9s v\u00e0lid per a gossos que no presentin grans dificultats de socialitzaci\u00f3 i amb l'entorn. En cas d'haver-hi alguna dificultat important, caldr\u00e0 fer sessi\u00f3 de valoraci\u00f3 i desenvolupar com millorar abans de poder entrar en grups de socialitzaci\u00f3.<\/p>","protected":false},"featured_media":948,"comment_status":"open","ping_status":"closed","template":"","meta":{"wds_primary_product_brand":0,"wds_primary_product_cat":0},"product_brand":[],"product_cat":[31],"product_tag":[],"class_list":{"0":"post-947","1":"product","2":"type-product","3":"status-publish","4":"has-post-thumbnail","6":"product_cat-adquiribles","8":"first","9":"instock","10":"shipping-taxable","11":"purchasable","12":"product-type-simple"},"_links":{"self":[{"href":"https:\/\/amuntiavall.net\/ca\/wp-json\/wp\/v2\/product\/947","targetHints":{"allow":["GET"]}}],"collection":[{"href":"https:\/\/amuntiavall.net\/ca\/wp-json\/wp\/v2\/product"}],"about":[{"href":"https:\/\/amuntiavall.net\/ca\/wp-json\/wp\/v2\/types\/product"}],"replies":[{"embeddable":true,"href":"https:\/\/amuntiavall.net\/ca\/wp-json\/wp\/v2\/comments?post=947"}],"wp:featuredmedia":[{"embeddable":true,"href":"https:\/\/amuntiavall.net\/ca\/wp-json\/wp\/v2\/media\/948"}],"wp:attachment":[{"href":"https:\/\/amuntiavall.net\/ca\/wp-json\/wp\/v2\/media?parent=947"}],"wp:term":[{"taxonomy":"product_brand","embeddable":true,"href":"https:\/\/amuntiavall.net\/ca\/wp-json\/wp\/v2\/product_brand?post=947"},{"taxonomy":"product_cat","embeddable":true,"href":"https:\/\/amuntiavall.net\/ca\/wp-json\/wp\/v2\/product_cat?post=947"},{"taxonomy":"product_tag","embeddable":true,"href":"https:\/\/amuntiavall.net\/ca\/wp-json\/wp\/v2\/product_tag?post=947"}],"curies":[{"name":"wp","href":"https:\/\/api.w.org\/{rel}","templated":true}]}}