{"id":137,"date":"2024-08-23T15:35:09","date_gmt":"2024-08-23T13:35:09","guid":{"rendered":"https:\/\/www.elosteopata.es\/?page_id=137"},"modified":"2025-04-12T00:58:25","modified_gmt":"2025-04-11T22:58:25","slug":"politicas-de-envios-y-devoluciones","status":"publish","type":"page","link":"https:\/\/amuntiavall.net\/es_es\/politicas-de-envios-y-devoluciones\/","title":{"rendered":"Pol\u00edticas de env\u00edos y devoluciones"},"content":{"rendered":"\n<p><strong>POL\u00cdTICAS DE ENV\u00cdO\u00a0<\/strong><\/p>\n\n\n\n<p>Al realizar la compra, y tras recibir el justificante de pago, recibir\u00e1 la confirmaci\u00f3n y factura v\u00eda correo electr\u00f3nico.&nbsp;<\/p>\n\n\n\n<p>Los desplazamientos no est\u00e1n incluidos en el precio de los diferentes servicios, por lo que deber\u00e1n abonarse el d\u00eda que se presta dicho servicio.<\/p>\n\n\n\n<p><strong>POL\u00cdTICAS DE DEVOLUCIONES\u00a0<\/strong><\/p>\n\n\n\n<p><strong><br><\/strong>Una vez prestado el servicio no se reembolsar\u00e1 ninguna cantidad, ni total ni parcial.\u00a0<\/p>\n\n\n\n<p>Cualquier servicio anulado con menos de 72 horas de antelaci\u00f3n, no se reembolsar\u00e1 ninguna cantidad, salvo causa mayor que deber\u00e1 ser claramente justificada.&nbsp;<\/p>\n\n\n\n<p>Las anulaciones realizadas con m\u00e1s de 72 horas de antelaci\u00f3n, podr\u00e1n optar a una reubicaci\u00f3n de fechas o a la recuperaci\u00f3n del importe.&nbsp;<\/p>\n\n\n\n<p>Los packs de sesiones o paseos caducan a los 2 meses a partir de la primera que se realiza, perdiendo las que no se hayan consumido, excepto causa mayor justificada y acordada.<\/p>\n\n\n\n<p><\/p>\n","protected":false},"excerpt":{"rendered":"<p>POL\u00cdTICAS DE ENV\u00cdO\u00a0 Al realizar la compra, y tras recibir el justificante de pago, recibir\u00e1 la confirmaci\u00f3n y factura v\u00eda correo electr\u00f3nico.&nbsp; Los desplazamientos no est\u00e1n incluidos en el precio de los diferentes servicios, por lo que deber\u00e1n abonarse el d\u00eda que se presta dicho servicio. POL\u00cdTICAS DE DEVOLUCIONES\u00a0 Una vez prestado el servicio no [&hellip;]<\/p>\n","protected":false},"author":1,"featured_media":0,"parent":0,"menu_order":0,"comment_status":"closed","ping_status":"closed","template":"","meta":{"footnotes":""},"class_list":["post-137","page","type-page","status-publish","hentry"],"_links":{"self":[{"href":"https:\/\/amuntiavall.net\/es_es\/wp-json\/wp\/v2\/pages\/137","targetHints":{"allow":["GET"]}}],"collection":[{"href":"https:\/\/amuntiavall.net\/es_es\/wp-json\/wp\/v2\/pages"}],"about":[{"href":"https:\/\/amuntiavall.net\/es_es\/wp-json\/wp\/v2\/types\/page"}],"author":[{"embeddable":true,"href":"https:\/\/amuntiavall.net\/es_es\/wp-json\/wp\/v2\/users\/1"}],"replies":[{"embeddable":true,"href":"https:\/\/amuntiavall.net\/es_es\/wp-json\/wp\/v2\/comments?post=137"}],"version-history":[{"count":9,"href":"https:\/\/amuntiavall.net\/es_es\/wp-json\/wp\/v2\/pages\/137\/revisions"}],"predecessor-version":[{"id":1067,"href":"https:\/\/amuntiavall.net\/es_es\/wp-json\/wp\/v2\/pages\/137\/revisions\/1067"}],"wp:attachment":[{"href":"https:\/\/amuntiavall.net\/es_es\/wp-json\/wp\/v2\/media?parent=137"}],"curies":[{"name":"wp","href":"https:\/\/api.w.org\/{rel}","templated":true}]}}